
{"id":244,"date":"2019-10-24T00:17:03","date_gmt":"2019-10-23T22:17:03","guid":{"rendered":"https:\/\/jenui2021.uv.es\/?page_id=244"},"modified":"2019-10-24T00:17:03","modified_gmt":"2019-10-23T22:17:03","slug":"directrices-para-elaborar-los-resumenes","status":"publish","type":"page","link":"https:\/\/jenui2021.uv.es\/index.php\/directrices-para-elaborar-los-resumenes\/","title":{"rendered":"Directrices para elaborar los res\u00famenes"},"content":{"rendered":"<p>Para poder realizar una distribuci\u00f3n adecuada de los art\u00edculos entre los revisores, pedimos a los autores que sigan este esquema en el resumen a entregar.<\/p>\n<p>El resumen ha de tener un m\u00e1ximo de 200 palabras. No debe incluir referencias ni acr\u00f3nimos no explicados. Debe cumplir los siguientes requisitos de contenido:<\/p>\n<ol>\n<li>Indicar el problema a resolver (herramienta, innovaci\u00f3n o reflexi\u00f3n) o a investigar;<\/li>\n<li>Anunciar los temas principales (incluyendo algunas palabras clave);<\/li>\n<li>Indicar la tesis principal o un punto de lanzamiento que anticipa dicha tesis, o bien resultados del estudio o de la herramienta (de manera esquem\u00e1tica) y<\/li>\n<li>Describir el impacto de los resultados (el impacto, no los resultados en s\u00ed).<\/li>\n<\/ol>\n<p>El resumen puede estructurarse como se indica anteriormente o ser un p\u00e1rrafo no estructurado (literario), siempre y cuando cumpla con las especificaciones descritas anteriormente.<\/p>\n<p>Durante todo el proceso de revisi\u00f3n del art\u00edculo se debe garantizar que no se pueda deducir ni los autores ni a qu\u00e9 universidad pertenecen (revisi\u00f3n cegada). Por tanto debe evitarse en el resumen cualquier indicaci\u00f3n que no garantice el anonimato.<\/p>\n","protected":false},"excerpt":{"rendered":"<p>Para poder realizar una distribuci\u00f3n adecuada de los art\u00edculos entre los revisores, pedimos a los autores que sigan este esquema en el resumen a entregar. El resumen ha de tener un m\u00e1ximo de 200 palabras. No debe incluir referencias ni acr\u00f3nimos no explicados. Debe cumplir los siguientes requisitos de contenido: Indicar el problema a resolver [&hellip;]<\/p>\n","protected":false},"author":1,"featured_media":0,"parent":0,"menu_order":0,"comment_status":"closed","ping_status":"closed","template":"","meta":[],"_links":{"self":[{"href":"https:\/\/jenui2021.uv.es\/index.php\/wp-json\/wp\/v2\/pages\/244"}],"collection":[{"href":"https:\/\/jenui2021.uv.es\/index.php\/wp-json\/wp\/v2\/pages"}],"about":[{"href":"https:\/\/jenui2021.uv.es\/index.php\/wp-json\/wp\/v2\/types\/page"}],"author":[{"embeddable":true,"href":"https:\/\/jenui2021.uv.es\/index.php\/wp-json\/wp\/v2\/users\/1"}],"replies":[{"embeddable":true,"href":"https:\/\/jenui2021.uv.es\/index.php\/wp-json\/wp\/v2\/comments?post=244"}],"version-history":[{"count":1,"href":"https:\/\/jenui2021.uv.es\/index.php\/wp-json\/wp\/v2\/pages\/244\/revisions"}],"predecessor-version":[{"id":245,"href":"https:\/\/jenui2021.uv.es\/index.php\/wp-json\/wp\/v2\/pages\/244\/revisions\/245"}],"wp:attachment":[{"href":"https:\/\/jenui2021.uv.es\/index.php\/wp-json\/wp\/v2\/media?parent=244"}],"curies":[{"name":"wp","href":"https:\/\/api.w.org\/{rel}","templated":true}]}}