
{"id":321,"date":"2019-11-04T11:37:36","date_gmt":"2019-11-04T10:37:36","guid":{"rendered":"https:\/\/jenui2021.uv.es\/?page_id=321"},"modified":"2020-11-09T21:10:13","modified_gmt":"2020-11-09T20:10:13","slug":"simposio-taller-previo","status":"publish","type":"page","link":"https:\/\/jenui2021.uv.es\/index.php\/simposio-taller-previo\/","title":{"rendered":"Simposio-taller previo"},"content":{"rendered":"<div class=\"entry-content\">\n<h2 style=\"text-align: center;\"><i><b>Del dise\u00f1o a la publicaci\u00f3n: investigando en educaci\u00f3n de la ingenier\u00eda (inform\u00e1tica)<\/b><\/i><\/h2>\n<h3><b>Descripci\u00f3n<\/b><\/h3>\n<p>Este ser\u00e1 un taller muy pr\u00e1ctico. El organizador plantear\u00e1 una serie de problemas de investigaci\u00f3n actuales y guiar\u00e1 a los participantes en el planteamiento de las preguntas de investigaci\u00f3n, los marcos de referencia adecuados, las metodolog\u00edas de investigaci\u00f3n y los m\u00e9todos y herramientas para desarrollar una investigaci\u00f3n de calidad. Se analizar\u00e1n las revistas donde se puede publicar y c\u00f3mo deber\u00eda ser el art\u00edculo a plantear. El objetivo es que un buen n\u00famero de los participantes presenten una primera versi\u00f3n de su trabajo en Jenui 2021 y una publicaci\u00f3n de impacto m\u00e1s adelante, sea en alguno de los temas planteados o en otros de su inter\u00e9s.<\/p>\n<h3><b>Organizador<\/b><\/h3>\n<figure id=\"attachment_1387\" class=\"wp-caption alignleft\"><img decoding=\"async\" loading=\"lazy\" class=\"alignnone size-medium wp-image-322\" src=\"https:\/\/jenui2021.uv.es\/wp-content\/uploads\/2019\/11\/Foto2019-211x300.png\" alt=\"\" width=\"211\" height=\"300\" srcset=\"https:\/\/jenui2021.uv.es\/wp-content\/uploads\/2019\/11\/Foto2019-211x300.png 211w, https:\/\/jenui2021.uv.es\/wp-content\/uploads\/2019\/11\/Foto2019.png 286w\" sizes=\"(max-width: 211px) 100vw, 211px\" \/>David L\u00f3pez<figcaption id=\"caption-attachment-1387\" class=\"wp-caption-text\"><\/figcaption><\/figure>\n<p>David L\u00f3pez es Licenciado y Doctor en Inform\u00e1tica (UPC, 1991 y 1998 respectivamente). Es profesor del departamento de Arquitectura de Computadores de la UPC desde 1991. Ha sido subdirector de formaci\u00f3n y posteriormente director del Instituto de Ciencias de la Educaci\u00f3n de la UPC (2014-2019), cargo al que renunci\u00f3 para promover el grupo de investigaci\u00f3n BCN-SEER (<i>Barcelona Science and Engineering Education Research Group<\/i>) e intentar sacar adelante el primer programa de doctorado en <i>Engineering Education<\/i> de Espa\u00f1a. El grupo BCN-SEER ha publicado entre 2017-2019 m\u00e1s de 50 art\u00edculos en educaci\u00f3n, 23 de ellos en revistas JCR. El organizador ha publicado m\u00e1s de 100 trabajos en educaci\u00f3n y obtuvo su \u00faltimo sexenio (2016) en el campo Ciencias de la Educaci\u00f3n. Es miembro de AENUI, SEFI, ASEE e IEEE-<i>Education Society<\/i>. Forma parte de la Comisi\u00f3n Ejecutiva de AENUI, de la Junta de Gobierno de la Sociedad Cient\u00edfica Inform\u00e1tica de Espa\u00f1a y de la <i>Task Force<\/i> del proyecto ACM-IEEE Computing Curricula 2020.<\/p>\n<h3><b>Inscripci\u00f3n<\/b><\/h3>\n<p>La inscripci\u00f3n en las JENUI permitir\u00e1 participar en el taller.<\/p>\n<h3><b>Fechas importantes<\/b><\/h3>\n<ul>\n<li>12\/04\/2021 al 06\/06\/2021: Inscripci\u00f3n temprana<\/li>\n<\/ul>\n<ul>\n<li>07\/06\/2021 al 06\/07\/2021: Inscripci\u00f3n normal<\/li>\n<\/ul>\n<ul>\n<li>07\/07\/2021: Celebraci\u00f3n del Taller<\/li>\n<\/ul>\n<\/div>\n","protected":false},"excerpt":{"rendered":"<p>Del dise\u00f1o a la publicaci\u00f3n: investigando en educaci\u00f3n de la ingenier\u00eda (inform\u00e1tica) Descripci\u00f3n Este ser\u00e1 un taller muy pr\u00e1ctico. El organizador plantear\u00e1 una serie de problemas de investigaci\u00f3n actuales y guiar\u00e1 a los participantes en el planteamiento de las preguntas de investigaci\u00f3n, los marcos de referencia adecuados, las metodolog\u00edas de investigaci\u00f3n y los m\u00e9todos y [&hellip;]<\/p>\n","protected":false},"author":1,"featured_media":0,"parent":0,"menu_order":0,"comment_status":"closed","ping_status":"closed","template":"","meta":[],"_links":{"self":[{"href":"https:\/\/jenui2021.uv.es\/index.php\/wp-json\/wp\/v2\/pages\/321"}],"collection":[{"href":"https:\/\/jenui2021.uv.es\/index.php\/wp-json\/wp\/v2\/pages"}],"about":[{"href":"https:\/\/jenui2021.uv.es\/index.php\/wp-json\/wp\/v2\/types\/page"}],"author":[{"embeddable":true,"href":"https:\/\/jenui2021.uv.es\/index.php\/wp-json\/wp\/v2\/users\/1"}],"replies":[{"embeddable":true,"href":"https:\/\/jenui2021.uv.es\/index.php\/wp-json\/wp\/v2\/comments?post=321"}],"version-history":[{"count":7,"href":"https:\/\/jenui2021.uv.es\/index.php\/wp-json\/wp\/v2\/pages\/321\/revisions"}],"predecessor-version":[{"id":1272,"href":"https:\/\/jenui2021.uv.es\/index.php\/wp-json\/wp\/v2\/pages\/321\/revisions\/1272"}],"wp:attachment":[{"href":"https:\/\/jenui2021.uv.es\/index.php\/wp-json\/wp\/v2\/media?parent=321"}],"curies":[{"name":"wp","href":"https:\/\/api.w.org\/{rel}","templated":true}]}}